{"id":12,"date":"2022-09-21T22:24:48","date_gmt":"2022-09-21T20:24:48","guid":{"rendered":"http:\/\/woprzyrardow.pl\/?page_id=12"},"modified":"2026-03-12T11:22:35","modified_gmt":"2026-03-12T10:22:35","slug":"beautiful-portfolios-for-exceptional-creatives","status":"publish","type":"page","link":"https:\/\/woprzyrardow.pl\/","title":{"rendered":""},"content":{"rendered":"\n<div class=\"wp-block-group alignfull is-layout-flow wp-block-group-is-layout-flow\">\n<div class=\"wp-block-columns are-vertically-aligned-center is-layout-flex wp-container-core-columns-is-layout-28f84493 wp-block-columns-is-layout-flex\">\n<div class=\"wp-block-column is-vertically-aligned-center is-layout-flow wp-block-column-is-layout-flow\">\n<div style=\"height:48px\" aria-hidden=\"true\" class=\"wp-block-spacer\"><\/div>\n\n\n\n<figure class=\"wp-block-gallery has-nested-images columns-default is-cropped wp-block-gallery-1 is-layout-flex wp-block-gallery-is-layout-flex\">\n<figure class=\"wp-block-image size-full is-style-default\"><img fetchpriority=\"high\" decoding=\"async\" width=\"1440\" height=\"1077\" data-id=\"880\" src=\"https:\/\/woprzyrardow.pl\/wp-content\/uploads\/2024\/11\/464772482_1317843199631544_896038644533751766_n.jpg\" alt=\"464772482 1317843199631544 896038644533751766 n\" class=\"wp-image-880\" srcset=\"https:\/\/woprzyrardow.pl\/wp-content\/uploads\/2024\/11\/464772482_1317843199631544_896038644533751766_n.jpg 1440w, https:\/\/woprzyrardow.pl\/wp-content\/uploads\/2024\/11\/464772482_1317843199631544_896038644533751766_n-300x224.jpg 300w, https:\/\/woprzyrardow.pl\/wp-content\/uploads\/2024\/11\/464772482_1317843199631544_896038644533751766_n-1024x766.jpg 1024w, https:\/\/woprzyrardow.pl\/wp-content\/uploads\/2024\/11\/464772482_1317843199631544_896038644533751766_n-150x112.jpg 150w\" sizes=\"(max-width: 1440px) 100vw, 1440px\" \/><figcaption class=\"wp-element-caption\">464772482 1317843199631544 896038644533751766 n<\/figcaption><\/figure>\n<\/figure>\n<\/div>\n\n\n\n<div class=\"wp-block-column is-vertically-aligned-center is-layout-flow wp-block-column-is-layout-flow\">\n<h2 class=\"wp-block-heading has-primary-color has-white-background-color has-text-color has-background has-link-color has-x-large-font-size wp-elements-689420152204092c8f40b6f71b6b49a5\" style=\"font-style:normal;font-weight:1000\">Szkolenia<\/h2>\n\n\n\n<div class=\"wp-block-buttons is-layout-flex wp-block-buttons-is-layout-flex\">\n<div class=\"wp-block-button is-style-fill\"><a class=\"wp-block-button__link wp-element-button\" href=\"https:\/\/woprzyrardow.pl\/?page_id=111\">Ratownictwo <\/a><\/div>\n\n\n\n<div class=\"wp-block-button is-style-fill\"><a class=\"wp-block-button__link wp-element-button\" href=\"https:\/\/woprzyrardow.pl\/?page_id=420\" target=\"_blank\" rel=\"noreferrer noopener\">Kpp<\/a><\/div>\n\n\n\n<div class=\"wp-block-button is-style-fill\"><a class=\"wp-block-button__link wp-element-button\" href=\"https:\/\/woprzyrardow.pl\/?page_id=424\" target=\"_blank\" rel=\"noreferrer noopener\">sternik motorowodny<\/a><\/div>\n<\/div>\n<\/div>\n<\/div>\n<\/div>\n\n\n\n<div class=\"wp-block-group alignfull has-background is-layout-flow wp-block-group-is-layout-flow\" style=\"background-color:#e5e9ec\">\n<div class=\"wp-block-columns has-white-background-color has-background is-layout-flex wp-container-core-columns-is-layout-28f84493 wp-block-columns-is-layout-flex\">\n<div class=\"wp-block-column is-vertically-aligned-center is-layout-flow wp-block-column-is-layout-flow\">\n<h2 class=\"wp-block-heading has-text-align-center has-foreground-color has-white-background-color has-text-color has-background has-link-color has-large-font-size wp-elements-246a3b0d5f5c37fb3479f7ce7b903fa2\">O nas<\/h2>\n\n\n\n<div class=\"wp-block-buttons has-custom-font-size has-medium-font-size is-horizontal is-content-justification-center is-layout-flex wp-container-core-buttons-is-layout-cbda912e wp-block-buttons-is-layout-flex\">\n<div class=\"wp-block-button\"><a class=\"wp-block-button__link wp-element-button\" href=\"https:\/\/www.facebook.com\/woprzyrardow\">Facebook <\/a><\/div>\n\n\n\n<div class=\"wp-block-button\"><a class=\"wp-block-button__link wp-element-button\" href=\"https:\/\/www.instagram.com\/zyrardowskiepowiatowewopr\/\">Instagram <\/a><\/div>\n<\/div>\n<\/div>\n\n\n\n<div class=\"wp-block-column is-layout-flow wp-block-column-is-layout-flow\">\n<div style=\"height:48px\" aria-hidden=\"true\" class=\"wp-block-spacer\"><\/div>\n\n\n\n<div class=\"wp-block-columns is-layout-flex wp-container-core-columns-is-layout-28f84493 wp-block-columns-is-layout-flex\">\n<div class=\"wp-block-column is-layout-flow wp-block-column-is-layout-flow\" style=\"flex-basis:100%\">\n<figure class=\"wp-block-image size-large is-style-default\"><img decoding=\"async\" width=\"1024\" height=\"768\" src=\"https:\/\/woprzyrardow.pl\/wp-content\/uploads\/2024\/06\/441387235_768062558726985_801999956242055-1024x768.jpg\" alt=\"\" class=\"wp-image-683\" srcset=\"https:\/\/woprzyrardow.pl\/wp-content\/uploads\/2024\/06\/441387235_768062558726985_801999956242055-1024x768.jpg 1024w, https:\/\/woprzyrardow.pl\/wp-content\/uploads\/2024\/06\/441387235_768062558726985_801999956242055-300x225.jpg 300w, https:\/\/woprzyrardow.pl\/wp-content\/uploads\/2024\/06\/441387235_768062558726985_801999956242055.jpg 1824w\" sizes=\"(max-width: 1024px) 100vw, 1024px\" \/><\/figure>\n<\/div>\n<\/div>\n\n\n\n<div class=\"wp-block-columns is-layout-flex wp-container-core-columns-is-layout-28f84493 wp-block-columns-is-layout-flex\">\n<div class=\"wp-block-column is-layout-flow wp-block-column-is-layout-flow\"><\/div>\n\n\n\n<div class=\"wp-block-column is-layout-flow wp-block-column-is-layout-flow\"><\/div>\n<\/div>\n<\/div>\n<\/div>\n<\/div>\n\n\n\n<div class=\"wp-block-group alignfull has-black-background-color has-background is-layout-flow wp-block-group-is-layout-flow\">\n<figure class=\"wp-block-gallery aligncenter has-nested-images columns-default is-cropped wp-block-gallery-2 is-layout-flex wp-block-gallery-is-layout-flex\">\n<figure class=\"wp-block-image size-full\"><img decoding=\"async\" width=\"2016\" height=\"1134\" data-id=\"899\" src=\"https:\/\/woprzyrardow.pl\/wp-content\/uploads\/2024\/11\/462689542_507871722113869_4613887974507536512_n-1.jpg\" alt=\"\" class=\"wp-image-899\" srcset=\"https:\/\/woprzyrardow.pl\/wp-content\/uploads\/2024\/11\/462689542_507871722113869_4613887974507536512_n-1.jpg 2016w, https:\/\/woprzyrardow.pl\/wp-content\/uploads\/2024\/11\/462689542_507871722113869_4613887974507536512_n-1-300x169.jpg 300w, https:\/\/woprzyrardow.pl\/wp-content\/uploads\/2024\/11\/462689542_507871722113869_4613887974507536512_n-1-1024x576.jpg 1024w, https:\/\/woprzyrardow.pl\/wp-content\/uploads\/2024\/11\/462689542_507871722113869_4613887974507536512_n-1-150x84.jpg 150w, https:\/\/woprzyrardow.pl\/wp-content\/uploads\/2024\/11\/462689542_507871722113869_4613887974507536512_n-1-2000x1125.jpg 2000w\" sizes=\"(max-width: 2016px) 100vw, 2016px\" \/><\/figure>\n\n\n\n<figure class=\"wp-block-image size-large\"><img loading=\"lazy\" decoding=\"async\" width=\"683\" height=\"1024\" data-id=\"463\" src=\"https:\/\/woprzyrardow.pl\/wp-content\/uploads\/2023\/02\/A610E271-5404-4702-BCF3-B9CF2A74B970-683x1024.jpeg\" alt=\"\" class=\"wp-image-463\" srcset=\"https:\/\/woprzyrardow.pl\/wp-content\/uploads\/2023\/02\/A610E271-5404-4702-BCF3-B9CF2A74B970-683x1024.jpeg 683w, https:\/\/woprzyrardow.pl\/wp-content\/uploads\/2023\/02\/A610E271-5404-4702-BCF3-B9CF2A74B970-200x300.jpeg 200w, https:\/\/woprzyrardow.pl\/wp-content\/uploads\/2023\/02\/A610E271-5404-4702-BCF3-B9CF2A74B970-768x1152.jpeg 768w, https:\/\/woprzyrardow.pl\/wp-content\/uploads\/2023\/02\/A610E271-5404-4702-BCF3-B9CF2A74B970-1024x1536.jpeg 1024w, https:\/\/woprzyrardow.pl\/wp-content\/uploads\/2023\/02\/A610E271-5404-4702-BCF3-B9CF2A74B970.jpeg 1152w\" sizes=\"(max-width: 683px) 100vw, 683px\" \/><\/figure>\n\n\n\n<figure class=\"wp-block-image size-full\"><img loading=\"lazy\" decoding=\"async\" width=\"1890\" height=\"1890\" data-id=\"703\" src=\"https:\/\/woprzyrardow.pl\/wp-content\/uploads\/2024\/06\/440802803_423673293936618_3668380670173114651_n.jpg\" alt=\"440802803 423673293936618 3668380670173114651 n\" class=\"wp-image-703\" srcset=\"https:\/\/woprzyrardow.pl\/wp-content\/uploads\/2024\/06\/440802803_423673293936618_3668380670173114651_n.jpg 1890w, https:\/\/woprzyrardow.pl\/wp-content\/uploads\/2024\/06\/440802803_423673293936618_3668380670173114651_n-300x300.jpg 300w, https:\/\/woprzyrardow.pl\/wp-content\/uploads\/2024\/06\/440802803_423673293936618_3668380670173114651_n-1024x1024.jpg 1024w, https:\/\/woprzyrardow.pl\/wp-content\/uploads\/2024\/06\/440802803_423673293936618_3668380670173114651_n-150x150.jpg 150w\" sizes=\"(max-width: 1890px) 100vw, 1890px\" \/><figcaption class=\"wp-element-caption\">440802803 423673293936618 3668380670173114651 n<\/figcaption><\/figure>\n<\/figure>\n<\/div>\n\n\n\n<div class=\"wp-block-cover alignfull is-light has-parallax is-position-center-center\" style=\"padding-top:0;padding-bottom:0;min-height:375px;aspect-ratio:unset;\"><div class=\"wp-block-cover__image-background wp-image-117 has-parallax\" style=\"background-position:50% 50%;background-image:url(https:\/\/woprzyrardow.pl\/wp-content\/uploads\/2022\/09\/3.jpg)\"><\/div><span aria-hidden=\"true\" class=\"wp-block-cover__background has-black-background-color has-background-dim-0 has-background-dim\"><\/span><div class=\"wp-block-cover__inner-container is-layout-flow wp-block-cover-is-layout-flow\">\n<p class=\"has-text-align-center has-primary-color has-text-color has-huge-font-size\" style=\"line-height:1.1\"><strong>Zacznij spe\u0142nia\u0107 swoje marzenia z \u017byrardowskim WOPR-em<\/strong><\/p>\n\n\n\n<div style=\"height:39px\" aria-hidden=\"true\" class=\"wp-block-spacer\"><\/div>\n\n\n\n<div class=\"wp-block-buttons is-horizontal is-content-justification-center is-layout-flex wp-container-core-buttons-is-layout-03627597 wp-block-buttons-is-layout-flex\">\n<div class=\"wp-block-button has-custom-width wp-block-button__width-100 is-style-outline is-style-outline--3\"><a class=\"wp-block-button__link has-primary-color has-text-color wp-element-button\" href=\"https:\/\/woprzyrardow.pl\/?page_id=14\"><strong>Kontakt<\/strong><\/a><\/div>\n<\/div>\n<\/div><\/div>\n\n\n\n<p><\/p>\n","protected":false},"excerpt":{"rendered":"<p>Szkolenia O nas<\/p>\n","protected":false},"author":5,"featured_media":11,"parent":0,"menu_order":0,"comment_status":"closed","ping_status":"closed","template":"","meta":{"footnotes":""},"class_list":["post-12","page","type-page","status-publish","has-post-thumbnail","hentry"],"yoast_head":"<!-- This site is optimized with the Yoast SEO plugin v25.7 - https:\/\/yoast.com\/wordpress\/plugins\/seo\/ -->\n<title>- WOPR \u017cyrard\u00f3w<\/title>\n<meta name=\"robots\" content=\"index, follow, max-snippet:-1, max-image-preview:large, max-video-preview:-1\" \/>\n<link rel=\"canonical\" href=\"https:\/\/woprzyrardow.pl\/\" \/>\n<meta property=\"og:locale\" content=\"pl_PL\" \/>\n<meta property=\"og:type\" content=\"article\" \/>\n<meta property=\"og:title\" content=\"- WOPR \u017cyrard\u00f3w\" \/>\n<meta property=\"og:description\" content=\"Szkolenia O nas\" \/>\n<meta property=\"og:url\" content=\"https:\/\/woprzyrardow.pl\/\" \/>\n<meta property=\"og:site_name\" content=\"WOPR \u017cyrard\u00f3w\" \/>\n<meta property=\"article:modified_time\" content=\"2026-03-12T10:22:35+00:00\" \/>\n<meta property=\"og:image\" content=\"https:\/\/woprzyrardow.pl\/wp-content\/uploads\/2022\/09\/ocean-waves-brown-rocks-aerial-view.jpg\" \/>\n\t<meta property=\"og:image:width\" content=\"2000\" \/>\n\t<meta property=\"og:image:height\" content=\"1317\" \/>\n\t<meta property=\"og:image:type\" content=\"image\/jpeg\" \/>\n<meta name=\"twitter:card\" content=\"summary_large_image\" \/>\n<meta name=\"twitter:label1\" content=\"Szacowany czas czytania\" \/>\n\t<meta name=\"twitter:data1\" content=\"2 minuty\" \/>\n<script type=\"application\/ld+json\" class=\"yoast-schema-graph\">{\"@context\":\"https:\/\/schema.org\",\"@graph\":[{\"@type\":\"WebPage\",\"@id\":\"https:\/\/woprzyrardow.pl\/\",\"url\":\"https:\/\/woprzyrardow.pl\/\",\"name\":\"- WOPR \u017cyrard\u00f3w\",\"isPartOf\":{\"@id\":\"https:\/\/woprzyrardow.pl\/#website\"},\"primaryImageOfPage\":{\"@id\":\"https:\/\/woprzyrardow.pl\/#primaryimage\"},\"image\":{\"@id\":\"https:\/\/woprzyrardow.pl\/#primaryimage\"},\"thumbnailUrl\":\"https:\/\/woprzyrardow.pl\/wp-content\/uploads\/2022\/09\/ocean-waves-brown-rocks-aerial-view.jpg\",\"datePublished\":\"2022-09-21T20:24:48+00:00\",\"dateModified\":\"2026-03-12T10:22:35+00:00\",\"inLanguage\":\"pl-PL\",\"potentialAction\":[{\"@type\":\"ReadAction\",\"target\":[\"https:\/\/woprzyrardow.pl\/\"]}]},{\"@type\":\"ImageObject\",\"inLanguage\":\"pl-PL\",\"@id\":\"https:\/\/woprzyrardow.pl\/#primaryimage\",\"url\":\"https:\/\/woprzyrardow.pl\/wp-content\/uploads\/2022\/09\/ocean-waves-brown-rocks-aerial-view.jpg\",\"contentUrl\":\"https:\/\/woprzyrardow.pl\/wp-content\/uploads\/2022\/09\/ocean-waves-brown-rocks-aerial-view.jpg\",\"width\":2000,\"height\":1317,\"caption\":\"Widok z g\u00f3ry na fale rozbijaj\u0105ce si\u0119 o skaliste wybrze\u017ce, z jasnoniebieskimi wodami oceanu kontrastuj\u0105cymi z br\u0105zowymi ska\u0142ami.\"},{\"@type\":\"WebSite\",\"@id\":\"https:\/\/woprzyrardow.pl\/#website\",\"url\":\"https:\/\/woprzyrardow.pl\/\",\"name\":\"WOPR \u017cyrard\u00f3w\",\"description\":\"WOPR \u017cyrard\u00f3w\",\"publisher\":{\"@id\":\"https:\/\/woprzyrardow.pl\/#organization\"},\"inLanguage\":\"pl-PL\"},{\"@type\":\"Organization\",\"@id\":\"https:\/\/woprzyrardow.pl\/#organization\",\"name\":\"WOPR \u017cyrard\u00f3w\",\"url\":\"https:\/\/woprzyrardow.pl\/\",\"logo\":{\"@type\":\"ImageObject\",\"inLanguage\":\"pl-PL\",\"@id\":\"https:\/\/woprzyrardow.pl\/#\/schema\/logo\/image\/\",\"url\":\"https:\/\/woprzyrardow.pl\/wp-content\/uploads\/2022\/09\/LOGO.png\",\"contentUrl\":\"https:\/\/woprzyrardow.pl\/wp-content\/uploads\/2022\/09\/LOGO.png\",\"width\":901,\"height\":901,\"caption\":\"WOPR \u017cyrard\u00f3w\"},\"image\":{\"@id\":\"https:\/\/woprzyrardow.pl\/#\/schema\/logo\/image\/\"}}]}<\/script>\n<!-- \/ Yoast SEO plugin. -->","yoast_head_json":{"title":"- WOPR \u017cyrard\u00f3w","robots":{"index":"index","follow":"follow","max-snippet":"max-snippet:-1","max-image-preview":"max-image-preview:large","max-video-preview":"max-video-preview:-1"},"canonical":"https:\/\/woprzyrardow.pl\/","og_locale":"pl_PL","og_type":"article","og_title":"- WOPR \u017cyrard\u00f3w","og_description":"Szkolenia O nas","og_url":"https:\/\/woprzyrardow.pl\/","og_site_name":"WOPR \u017cyrard\u00f3w","article_modified_time":"2026-03-12T10:22:35+00:00","og_image":[{"width":2000,"height":1317,"url":"https:\/\/woprzyrardow.pl\/wp-content\/uploads\/2022\/09\/ocean-waves-brown-rocks-aerial-view.jpg","type":"image\/jpeg"}],"twitter_card":"summary_large_image","twitter_misc":{"Szacowany czas czytania":"2 minuty"},"schema":{"@context":"https:\/\/schema.org","@graph":[{"@type":"WebPage","@id":"https:\/\/woprzyrardow.pl\/","url":"https:\/\/woprzyrardow.pl\/","name":"- WOPR \u017cyrard\u00f3w","isPartOf":{"@id":"https:\/\/woprzyrardow.pl\/#website"},"primaryImageOfPage":{"@id":"https:\/\/woprzyrardow.pl\/#primaryimage"},"image":{"@id":"https:\/\/woprzyrardow.pl\/#primaryimage"},"thumbnailUrl":"https:\/\/woprzyrardow.pl\/wp-content\/uploads\/2022\/09\/ocean-waves-brown-rocks-aerial-view.jpg","datePublished":"2022-09-21T20:24:48+00:00","dateModified":"2026-03-12T10:22:35+00:00","inLanguage":"pl-PL","potentialAction":[{"@type":"ReadAction","target":["https:\/\/woprzyrardow.pl\/"]}]},{"@type":"ImageObject","inLanguage":"pl-PL","@id":"https:\/\/woprzyrardow.pl\/#primaryimage","url":"https:\/\/woprzyrardow.pl\/wp-content\/uploads\/2022\/09\/ocean-waves-brown-rocks-aerial-view.jpg","contentUrl":"https:\/\/woprzyrardow.pl\/wp-content\/uploads\/2022\/09\/ocean-waves-brown-rocks-aerial-view.jpg","width":2000,"height":1317,"caption":"Widok z g\u00f3ry na fale rozbijaj\u0105ce si\u0119 o skaliste wybrze\u017ce, z jasnoniebieskimi wodami oceanu kontrastuj\u0105cymi z br\u0105zowymi ska\u0142ami."},{"@type":"WebSite","@id":"https:\/\/woprzyrardow.pl\/#website","url":"https:\/\/woprzyrardow.pl\/","name":"WOPR \u017cyrard\u00f3w","description":"WOPR \u017cyrard\u00f3w","publisher":{"@id":"https:\/\/woprzyrardow.pl\/#organization"},"inLanguage":"pl-PL"},{"@type":"Organization","@id":"https:\/\/woprzyrardow.pl\/#organization","name":"WOPR \u017cyrard\u00f3w","url":"https:\/\/woprzyrardow.pl\/","logo":{"@type":"ImageObject","inLanguage":"pl-PL","@id":"https:\/\/woprzyrardow.pl\/#\/schema\/logo\/image\/","url":"https:\/\/woprzyrardow.pl\/wp-content\/uploads\/2022\/09\/LOGO.png","contentUrl":"https:\/\/woprzyrardow.pl\/wp-content\/uploads\/2022\/09\/LOGO.png","width":901,"height":901,"caption":"WOPR \u017cyrard\u00f3w"},"image":{"@id":"https:\/\/woprzyrardow.pl\/#\/schema\/logo\/image\/"}}]}},"featured_media_urls":{"thumbnail":["https:\/\/woprzyrardow.pl\/wp-content\/uploads\/2022\/09\/ocean-waves-brown-rocks-aerial-view-150x150.jpg",150,150,true],"medium":["https:\/\/woprzyrardow.pl\/wp-content\/uploads\/2022\/09\/ocean-waves-brown-rocks-aerial-view-300x198.jpg",300,198,true],"medium_large":["https:\/\/woprzyrardow.pl\/wp-content\/uploads\/2022\/09\/ocean-waves-brown-rocks-aerial-view-768x506.jpg",768,506,true],"large":["https:\/\/woprzyrardow.pl\/wp-content\/uploads\/2022\/09\/ocean-waves-brown-rocks-aerial-view-1024x674.jpg",950,625,true],"1536x1536":["https:\/\/woprzyrardow.pl\/wp-content\/uploads\/2022\/09\/ocean-waves-brown-rocks-aerial-view-1536x1011.jpg",1536,1011,true],"2048x2048":["https:\/\/woprzyrardow.pl\/wp-content\/uploads\/2022\/09\/ocean-waves-brown-rocks-aerial-view.jpg",2000,1317,false],"inspiro-featured-image":["https:\/\/woprzyrardow.pl\/wp-content\/uploads\/2022\/09\/ocean-waves-brown-rocks-aerial-view.jpg",2000,1317,false],"inspiro-loop":["https:\/\/woprzyrardow.pl\/wp-content\/uploads\/2022\/09\/ocean-waves-brown-rocks-aerial-view-950x320.jpg",950,320,true],"inspiro-loop@2x":["https:\/\/woprzyrardow.pl\/wp-content\/uploads\/2022\/09\/ocean-waves-brown-rocks-aerial-view-1900x640.jpg",1900,640,true],"portfolio_item-thumbnail":["https:\/\/woprzyrardow.pl\/wp-content\/uploads\/2022\/09\/ocean-waves-brown-rocks-aerial-view-600x400.jpg",600,400,true],"portfolio_item-thumbnail@2x":["https:\/\/woprzyrardow.pl\/wp-content\/uploads\/2022\/09\/ocean-waves-brown-rocks-aerial-view-1200x800.jpg",1200,800,true],"portfolio_item-masonry":["https:\/\/woprzyrardow.pl\/wp-content\/uploads\/2022\/09\/ocean-waves-brown-rocks-aerial-view-600x395.jpg",600,395,true],"portfolio_item-masonry@2x":["https:\/\/woprzyrardow.pl\/wp-content\/uploads\/2022\/09\/ocean-waves-brown-rocks-aerial-view-1200x790.jpg",1200,790,true],"portfolio_item-thumbnail_cinema":["https:\/\/woprzyrardow.pl\/wp-content\/uploads\/2022\/09\/ocean-waves-brown-rocks-aerial-view-800x335.jpg",800,335,true],"portfolio_item-thumbnail_portrait":["https:\/\/woprzyrardow.pl\/wp-content\/uploads\/2022\/09\/ocean-waves-brown-rocks-aerial-view-600x900.jpg",600,900,true],"portfolio_item-thumbnail_portrait@2x":["https:\/\/woprzyrardow.pl\/wp-content\/uploads\/2022\/09\/ocean-waves-brown-rocks-aerial-view-1200x1317.jpg",1200,1317,true],"portfolio_item-thumbnail_square":["https:\/\/woprzyrardow.pl\/wp-content\/uploads\/2022\/09\/ocean-waves-brown-rocks-aerial-view-800x800.jpg",800,800,true]},"_links":{"self":[{"href":"https:\/\/woprzyrardow.pl\/index.php?rest_route=\/wp\/v2\/pages\/12","targetHints":{"allow":["GET"]}}],"collection":[{"href":"https:\/\/woprzyrardow.pl\/index.php?rest_route=\/wp\/v2\/pages"}],"about":[{"href":"https:\/\/woprzyrardow.pl\/index.php?rest_route=\/wp\/v2\/types\/page"}],"author":[{"embeddable":true,"href":"https:\/\/woprzyrardow.pl\/index.php?rest_route=\/wp\/v2\/users\/5"}],"replies":[{"embeddable":true,"href":"https:\/\/woprzyrardow.pl\/index.php?rest_route=%2Fwp%2Fv2%2Fcomments&post=12"}],"version-history":[{"count":39,"href":"https:\/\/woprzyrardow.pl\/index.php?rest_route=\/wp\/v2\/pages\/12\/revisions"}],"predecessor-version":[{"id":1320,"href":"https:\/\/woprzyrardow.pl\/index.php?rest_route=\/wp\/v2\/pages\/12\/revisions\/1320"}],"wp:featuredmedia":[{"embeddable":true,"href":"https:\/\/woprzyrardow.pl\/index.php?rest_route=\/wp\/v2\/media\/11"}],"wp:attachment":[{"href":"https:\/\/woprzyrardow.pl\/index.php?rest_route=%2Fwp%2Fv2%2Fmedia&parent=12"}],"curies":[{"name":"wp","href":"https:\/\/api.w.org\/{rel}","templated":true}]}}