{"id":1266,"date":"2025-08-19T10:22:01","date_gmt":"2025-08-19T08:22:01","guid":{"rendered":"https:\/\/woprzyrardow.pl\/?page_id=1266"},"modified":"2026-04-09T15:39:24","modified_gmt":"2026-04-09T13:39:24","slug":"szkolenia-2","status":"publish","type":"page","link":"https:\/\/woprzyrardow.pl\/?page_id=1266","title":{"rendered":"Szkolenia"},"content":{"rendered":"\n<p><\/p>\n\n\n\n<p>1) Sternik Motorowodny <\/p>\n\n\n\n<p>SZKOLENIE STERNIK\u00d3W MOTOROWODNYCH Z EGZAMINEM<\/p>\n\n\n\n<p>MIEJSCE<br>Zalew \u017byrardowski<\/p>\n\n\n\n<p>Do czego uprawnia patent sternika motorowodnego:<br>1. Prowadzenia \u0142odzi, jacht\u00f3w motorowych po wodach \u015br\u00f3dl\u0105dowych (r\u00f3wnie\u017c skuter\u00f3w wodnych).<br>2. Prowadzenia jacht\u00f3w motorowych o d\u0142ugo\u015bci kad\u0142uba do 12 m po morskich wodach wewn\u0119trznych oraz pozosta\u0142ych wodach morskich w strefie do 2 Mm od brzegu, w porze dziennej.<\/p>\n\n\n\n<p>SZKOLENIE WIOSENNE 09-10.05.2026 <\/p>\n\n\n\n<iframe src=\"https:\/\/docs.google.com\/forms\/d\/e\/1FAIpQLSc7tfqICZCeNgfhP9SVMASRFwfoMnceX3Fpr9AwoS-2LrScBA\/viewform?embedded=true\" width=\"640\" height=\"938\" frameborder=\"0\" marginheight=\"0\" marginwidth=\"0\">\u0141aduj\u0119\u2026<\/iframe>\n\n\n\n<p><strong><em>Szkolenie Ratownik\u00f3w Wodnych<\/em><\/strong><\/p>\n\n\n\n<p>Wodne Ochotnicze Pogotowie Ratunkowe jest cz\u0142onkiem International Life Saving Federation, organizacji wyznaczaj\u0105cej standardy szkolenia ratownik\u00f3w wodnych w Europie. Realizacja misji WOPR, czyli zmniejszenie liczby os\u00f3b ton\u0105cych w wodach polskich, wymaga dobrze przygotowanej kadry ratownik\u00f3w wodnych.&nbsp;<\/p>\n\n\n\n<p>Szkolenie Ratownik\u00f3w Wodnych realizowane b\u0119dzie zgodnie z Ustaw\u0105 o bezpiecze\u0144stwie os\u00f3b przebywaj\u0105cych na obszarach wodnych z dnia 18 stycznia 2011 roku oraz Rozporz\u0105dzeniem Ministra Spraw Wewn\u0119trznych z&nbsp; dnia 21 czerwca 2012 roku, w&nbsp; sprawie szkole\u0144 w ratownictwie wodnym.&nbsp;<\/p>\n\n\n\n<p><strong>WYMAGANIA FORMALNE:<\/strong><\/p>\n\n\n\n<p>1. Uczestnik ma mie\u0107 uko\u0144czony 17 rok;<\/p>\n\n\n\n<p>2. O\u015bwiadczenie o braku przeciwwskaza\u0144 do odbycia kursu;<\/p>\n\n\n\n<p>3. Uczestnik ma mie\u0107 uko\u0144czone p\u0142ywackie szkolenie podstawowe;<\/p>\n\n\n\n<p><strong>CZAS I MIEJSCE ZAJ\u0118\u0106 SZKOLENIA RATOWNIK\u00d3W WODNYCH:<\/strong><\/p>\n\n\n\n<p>Zaj\u0119cia b\u0119d\u0105 realizowane weekendowo. Kompleks Sportowo-Rekreacyjny zalewu \u017cyrardowskiego, P\u0142ywalnia AQUA \u017byrard\u00f3w<strong><br><\/strong><br><\/p>\n\n\n\n<p>3) M\u0142odszy Ratownik WOPR\/Ratownik WOPR &#8211; Szkolenie dla m\u0142odzie\u017cy- Spotkanie organizacyjne <\/p>\n\n\n\n<p>Kurs przygotowuj\u0105cy do egzaminu na stopie\u0144<br><strong>M\u0142odszy Ratownik WOPR<br>Ratownik WOPR<\/strong><\/p>\n\n\n\n<p>Rozpocznij Swoj\u0105 przygod\u0119 z WOPR. Sprawdzisz Swoje umiej\u0119tno\u015bci p\u0142ywackie, poznasz ciekawych ludzi, zdob\u0119dziesz nowe kwalifikacje i umiej\u0119tno\u015bci !!!<\/p>\n\n\n\n<p>\u017byrardowskie Powiatowe Wodne Ochotnicze Pogotowie Ratunkowe zaprasza m\u0142odzie\u017c na kurs przygotowuj\u0105cy do egzaminu na stopie\u0144 M\u0142odszego Ratownika WOPR oraz Ratownika WOPR<\/p>\n\n\n\n<p>Konstrukcja Programu kursu przygotowuj\u0105cego do egzaminu na stopnie WOPR, uwzgl\u0119dnia odpowiednio przygotowane tre\u015bci teoretyczne i praktyczne, pozwalaj\u0105ce przygotowa\u0107 absolwent\u00f3w do wykonywania podstawowych czynno\u015bci z zakresu ratownictwa wodnego.<\/p>\n\n\n\n<p><strong>WYMAGANIA FORMALNE:<\/strong><br>1. Pisemn\u0105 zgod\u0119 na udzia\u0142 w kursie.<br>(w przypadku osoby niepe\u0142noletniej pisemn\u0105 zgod\u0119 wyra\u017ca jej opiekun prawny)<br>2. O\u015bwiadczenie o braku przeciwwskaza\u0144 do odbycia kursu.<br>(w przypadku osoby niepe\u0142noletniej o\u015bwiadczenie sk\u0142ada jej opiekun prawny).<br>3. Uczestnik ma mie\u0107 uko\u0144czony 12 rok \u017cycia dotyczy szkolenia M\u0142odszych Ratownik\u00f3w WOPR;<br>4. &nbsp; Uczestnik ma mie\u0107 uko\u0144czony 15 rok \u017cycia dotyczy szkolenia&nbsp; Ratownik\u00f3w WOPR;<\/p>\n\n\n\n<p><strong>CZAS I MIEJSCE ZAJ\u0118\u0106:<\/strong><br>Zaj\u0119cia b\u0119d\u0105 realizowane na P\u0142ywalnia AQUA \u017byrard\u00f3w, zalewie \u017cyrardowskim, w siedzibie \u017byrardowskiego WOPR ul. S\u0142awi\u0144skiego 6. Szczeg\u00f3\u0142owy harmonogram przedstawiony zostanie podczas pierwszych zaj\u0119\u0107.<\/p>\n\n\n\n<p><\/p>\n\n\n\n<p><\/p>\n","protected":false},"excerpt":{"rendered":"<p>1) Sternik Motorowodny SZKOLENIE STERNIK\u00d3W MOTOROWODNYCH Z EGZAMINEM MIEJSCEZalew \u017byrardowski Do czego uprawnia patent sternika motorowodnego:1. Prowadzenia \u0142odzi, jacht\u00f3w motorowych po wodach \u015br\u00f3dl\u0105dowych (r\u00f3wnie\u017c skuter\u00f3w wodnych).2. Prowadzenia jacht\u00f3w motorowych o d\u0142ugo\u015bci kad\u0142uba do 12 m po morskich wodach wewn\u0119trznych oraz pozosta\u0142ych wodach morskich w strefie do 2 Mm od brzegu, w porze dziennej. SZKOLENIE WIOSENNE &hellip; <\/p>\n<p class=\"link-more\"><a href=\"https:\/\/woprzyrardow.pl\/?page_id=1266\" class=\"more-link\">Read more<span class=\"screen-reader-text\"> &#8222;Szkolenia&#8221;<\/span><\/a><\/p>\n","protected":false},"author":5,"featured_media":0,"parent":0,"menu_order":0,"comment_status":"closed","ping_status":"closed","template":"","meta":{"footnotes":""},"class_list":["post-1266","page","type-page","status-publish","hentry"],"yoast_head":"<!-- This site is optimized with the Yoast SEO plugin v25.7 - https:\/\/yoast.com\/wordpress\/plugins\/seo\/ -->\n<title>Szkolenia - WOPR \u017cyrard\u00f3w<\/title>\n<meta name=\"robots\" content=\"index, follow, max-snippet:-1, max-image-preview:large, max-video-preview:-1\" \/>\n<link rel=\"canonical\" href=\"https:\/\/woprzyrardow.pl\/?page_id=1266\" \/>\n<meta property=\"og:locale\" content=\"pl_PL\" \/>\n<meta property=\"og:type\" content=\"article\" \/>\n<meta property=\"og:title\" content=\"Szkolenia - WOPR \u017cyrard\u00f3w\" \/>\n<meta property=\"og:description\" content=\"1) Sternik Motorowodny SZKOLENIE STERNIK\u00d3W MOTOROWODNYCH Z EGZAMINEM MIEJSCEZalew \u017byrardowski Do czego uprawnia patent sternika motorowodnego:1. Prowadzenia \u0142odzi, jacht\u00f3w motorowych po wodach \u015br\u00f3dl\u0105dowych (r\u00f3wnie\u017c skuter\u00f3w wodnych).2. Prowadzenia jacht\u00f3w motorowych o d\u0142ugo\u015bci kad\u0142uba do 12 m po morskich wodach wewn\u0119trznych oraz pozosta\u0142ych wodach morskich w strefie do 2 Mm od brzegu, w porze dziennej. SZKOLENIE WIOSENNE &hellip; Read more &quot;Szkolenia&quot;\" \/>\n<meta property=\"og:url\" content=\"https:\/\/woprzyrardow.pl\/?page_id=1266\" \/>\n<meta property=\"og:site_name\" content=\"WOPR \u017cyrard\u00f3w\" \/>\n<meta property=\"article:modified_time\" content=\"2026-04-09T13:39:24+00:00\" \/>\n<meta name=\"twitter:card\" content=\"summary_large_image\" \/>\n<meta name=\"twitter:label1\" content=\"Szacowany czas czytania\" \/>\n\t<meta name=\"twitter:data1\" content=\"3 minuty\" \/>\n<script type=\"application\/ld+json\" class=\"yoast-schema-graph\">{\"@context\":\"https:\/\/schema.org\",\"@graph\":[{\"@type\":\"WebPage\",\"@id\":\"https:\/\/woprzyrardow.pl\/?page_id=1266\",\"url\":\"https:\/\/woprzyrardow.pl\/?page_id=1266\",\"name\":\"Szkolenia - WOPR \u017cyrard\u00f3w\",\"isPartOf\":{\"@id\":\"https:\/\/woprzyrardow.pl\/#website\"},\"datePublished\":\"2025-08-19T08:22:01+00:00\",\"dateModified\":\"2026-04-09T13:39:24+00:00\",\"breadcrumb\":{\"@id\":\"https:\/\/woprzyrardow.pl\/?page_id=1266#breadcrumb\"},\"inLanguage\":\"pl-PL\",\"potentialAction\":[{\"@type\":\"ReadAction\",\"target\":[\"https:\/\/woprzyrardow.pl\/?page_id=1266\"]}]},{\"@type\":\"BreadcrumbList\",\"@id\":\"https:\/\/woprzyrardow.pl\/?page_id=1266#breadcrumb\",\"itemListElement\":[{\"@type\":\"ListItem\",\"position\":1,\"name\":\"Home\",\"item\":\"https:\/\/woprzyrardow.pl\/\"},{\"@type\":\"ListItem\",\"position\":2,\"name\":\"Szkolenia\"}]},{\"@type\":\"WebSite\",\"@id\":\"https:\/\/woprzyrardow.pl\/#website\",\"url\":\"https:\/\/woprzyrardow.pl\/\",\"name\":\"WOPR \u017cyrard\u00f3w\",\"description\":\"WOPR \u017cyrard\u00f3w\",\"publisher\":{\"@id\":\"https:\/\/woprzyrardow.pl\/#organization\"},\"inLanguage\":\"pl-PL\"},{\"@type\":\"Organization\",\"@id\":\"https:\/\/woprzyrardow.pl\/#organization\",\"name\":\"WOPR \u017cyrard\u00f3w\",\"url\":\"https:\/\/woprzyrardow.pl\/\",\"logo\":{\"@type\":\"ImageObject\",\"inLanguage\":\"pl-PL\",\"@id\":\"https:\/\/woprzyrardow.pl\/#\/schema\/logo\/image\/\",\"url\":\"https:\/\/woprzyrardow.pl\/wp-content\/uploads\/2022\/09\/LOGO.png\",\"contentUrl\":\"https:\/\/woprzyrardow.pl\/wp-content\/uploads\/2022\/09\/LOGO.png\",\"width\":901,\"height\":901,\"caption\":\"WOPR \u017cyrard\u00f3w\"},\"image\":{\"@id\":\"https:\/\/woprzyrardow.pl\/#\/schema\/logo\/image\/\"}}]}<\/script>\n<!-- \/ Yoast SEO plugin. -->","yoast_head_json":{"title":"Szkolenia - WOPR \u017cyrard\u00f3w","robots":{"index":"index","follow":"follow","max-snippet":"max-snippet:-1","max-image-preview":"max-image-preview:large","max-video-preview":"max-video-preview:-1"},"canonical":"https:\/\/woprzyrardow.pl\/?page_id=1266","og_locale":"pl_PL","og_type":"article","og_title":"Szkolenia - WOPR \u017cyrard\u00f3w","og_description":"1) Sternik Motorowodny SZKOLENIE STERNIK\u00d3W MOTOROWODNYCH Z EGZAMINEM MIEJSCEZalew \u017byrardowski Do czego uprawnia patent sternika motorowodnego:1. Prowadzenia \u0142odzi, jacht\u00f3w motorowych po wodach \u015br\u00f3dl\u0105dowych (r\u00f3wnie\u017c skuter\u00f3w wodnych).2. Prowadzenia jacht\u00f3w motorowych o d\u0142ugo\u015bci kad\u0142uba do 12 m po morskich wodach wewn\u0119trznych oraz pozosta\u0142ych wodach morskich w strefie do 2 Mm od brzegu, w porze dziennej. SZKOLENIE WIOSENNE &hellip; Read more \"Szkolenia\"","og_url":"https:\/\/woprzyrardow.pl\/?page_id=1266","og_site_name":"WOPR \u017cyrard\u00f3w","article_modified_time":"2026-04-09T13:39:24+00:00","twitter_card":"summary_large_image","twitter_misc":{"Szacowany czas czytania":"3 minuty"},"schema":{"@context":"https:\/\/schema.org","@graph":[{"@type":"WebPage","@id":"https:\/\/woprzyrardow.pl\/?page_id=1266","url":"https:\/\/woprzyrardow.pl\/?page_id=1266","name":"Szkolenia - WOPR \u017cyrard\u00f3w","isPartOf":{"@id":"https:\/\/woprzyrardow.pl\/#website"},"datePublished":"2025-08-19T08:22:01+00:00","dateModified":"2026-04-09T13:39:24+00:00","breadcrumb":{"@id":"https:\/\/woprzyrardow.pl\/?page_id=1266#breadcrumb"},"inLanguage":"pl-PL","potentialAction":[{"@type":"ReadAction","target":["https:\/\/woprzyrardow.pl\/?page_id=1266"]}]},{"@type":"BreadcrumbList","@id":"https:\/\/woprzyrardow.pl\/?page_id=1266#breadcrumb","itemListElement":[{"@type":"ListItem","position":1,"name":"Home","item":"https:\/\/woprzyrardow.pl\/"},{"@type":"ListItem","position":2,"name":"Szkolenia"}]},{"@type":"WebSite","@id":"https:\/\/woprzyrardow.pl\/#website","url":"https:\/\/woprzyrardow.pl\/","name":"WOPR \u017cyrard\u00f3w","description":"WOPR \u017cyrard\u00f3w","publisher":{"@id":"https:\/\/woprzyrardow.pl\/#organization"},"inLanguage":"pl-PL"},{"@type":"Organization","@id":"https:\/\/woprzyrardow.pl\/#organization","name":"WOPR \u017cyrard\u00f3w","url":"https:\/\/woprzyrardow.pl\/","logo":{"@type":"ImageObject","inLanguage":"pl-PL","@id":"https:\/\/woprzyrardow.pl\/#\/schema\/logo\/image\/","url":"https:\/\/woprzyrardow.pl\/wp-content\/uploads\/2022\/09\/LOGO.png","contentUrl":"https:\/\/woprzyrardow.pl\/wp-content\/uploads\/2022\/09\/LOGO.png","width":901,"height":901,"caption":"WOPR \u017cyrard\u00f3w"},"image":{"@id":"https:\/\/woprzyrardow.pl\/#\/schema\/logo\/image\/"}}]}},"featured_media_urls":[],"_links":{"self":[{"href":"https:\/\/woprzyrardow.pl\/index.php?rest_route=\/wp\/v2\/pages\/1266","targetHints":{"allow":["GET"]}}],"collection":[{"href":"https:\/\/woprzyrardow.pl\/index.php?rest_route=\/wp\/v2\/pages"}],"about":[{"href":"https:\/\/woprzyrardow.pl\/index.php?rest_route=\/wp\/v2\/types\/page"}],"author":[{"embeddable":true,"href":"https:\/\/woprzyrardow.pl\/index.php?rest_route=\/wp\/v2\/users\/5"}],"replies":[{"embeddable":true,"href":"https:\/\/woprzyrardow.pl\/index.php?rest_route=%2Fwp%2Fv2%2Fcomments&post=1266"}],"version-history":[{"count":6,"href":"https:\/\/woprzyrardow.pl\/index.php?rest_route=\/wp\/v2\/pages\/1266\/revisions"}],"predecessor-version":[{"id":1330,"href":"https:\/\/woprzyrardow.pl\/index.php?rest_route=\/wp\/v2\/pages\/1266\/revisions\/1330"}],"wp:attachment":[{"href":"https:\/\/woprzyrardow.pl\/index.php?rest_route=%2Fwp%2Fv2%2Fmedia&parent=1266"}],"curies":[{"name":"wp","href":"https:\/\/api.w.org\/{rel}","templated":true}]}}