{"id":14,"date":"2022-09-21T22:24:49","date_gmt":"2022-09-21T20:24:49","guid":{"rendered":"http:\/\/woprzyrardow.pl\/?page_id=14"},"modified":"2024-06-27T09:12:03","modified_gmt":"2024-06-27T07:12:03","slug":"kontakt","status":"publish","type":"page","link":"https:\/\/woprzyrardow.pl\/?page_id=14","title":{"rendered":"Kontakt"},"content":{"rendered":"\n<p class=\"has-medium-font-size\">\u017byrardowskie Powiatowe WOPR jest dost\u0119pne w dni robocze od 09:00 do 17:00<\/p>\n\n\n\n<p><strong>Zadzwo\u0144:<\/strong><br> Rogozi\u0144ski Mariusz 606-801-595<br><\/p>\n\n\n\n<p><strong>Napisz:<\/strong><br> biuro@woprzyrardow.pl<br> zyrardowskiepowiatowewopr@gmail.com<\/p>\n\n\n\n<p><strong>Przyjed\u017a:<\/strong><br> ul. Rotmistrza Witolda Pileckiego 25\/27<br> 96-300 \u017byrard\u00f3w<br> NIP:838-18-30-629<br> Regon 142374868.<\/p>\n\n\n\n<p class=\"has-medium-font-size\">Masz jakie\u015b pytania? <\/p>\n\n\n\n<div class=\"wp-block-contact-form-7-contact-form-selector\">\n<div class=\"wpcf7 no-js\" id=\"wpcf7-f176-o1\" lang=\"pl-PL\" dir=\"ltr\" data-wpcf7-id=\"176\">\n<div class=\"screen-reader-response\"><p role=\"status\" aria-live=\"polite\" aria-atomic=\"true\"><\/p> <ul><\/ul><\/div>\n<form action=\"\/index.php?rest_route=%2Fwp%2Fv2%2Fpages%2F14#wpcf7-f176-o1\" method=\"post\" class=\"wpcf7-form init\" aria-label=\"Formularz kontaktowy\" novalidate=\"novalidate\" data-status=\"init\">\n<fieldset class=\"hidden-fields-container\"><input type=\"hidden\" name=\"_wpcf7\" value=\"176\" \/><input type=\"hidden\" name=\"_wpcf7_version\" value=\"6.1.1\" \/><input type=\"hidden\" name=\"_wpcf7_locale\" value=\"pl_PL\" \/><input type=\"hidden\" name=\"_wpcf7_unit_tag\" value=\"wpcf7-f176-o1\" \/><input type=\"hidden\" name=\"_wpcf7_container_post\" value=\"0\" \/><input type=\"hidden\" name=\"_wpcf7_posted_data_hash\" value=\"\" \/>\n<\/fieldset>\n<p><label> Imi\u0119 i nazwisko<br \/>\n<span class=\"wpcf7-form-control-wrap\" data-name=\"your-name\"><input size=\"40\" maxlength=\"400\" class=\"wpcf7-form-control wpcf7-text wpcf7-validates-as-required\" aria-required=\"true\" aria-invalid=\"false\" value=\"\" type=\"text\" name=\"your-name\" \/><\/span> <\/label>\n<\/p>\n<p><label> Adres e-mail<br \/>\n<span class=\"wpcf7-form-control-wrap\" data-name=\"your-email\"><input size=\"40\" maxlength=\"400\" class=\"wpcf7-form-control wpcf7-email wpcf7-validates-as-required wpcf7-text wpcf7-validates-as-email\" aria-required=\"true\" aria-invalid=\"false\" value=\"\" type=\"email\" name=\"your-email\" \/><\/span> <\/label>\n<\/p>\n<p><label>Numer telefonu<br \/>\n<span class=\"wpcf7-form-control-wrap\" data-name=\"tel-537\"><input size=\"40\" maxlength=\"400\" class=\"wpcf7-form-control wpcf7-tel wpcf7-validates-as-required wpcf7-text wpcf7-validates-as-tel\" aria-required=\"true\" aria-invalid=\"false\" value=\"\" type=\"tel\" name=\"tel-537\" \/><\/span> <\/label>\n<\/p>\n<p><label> Temat<br \/>\n<span class=\"wpcf7-form-control-wrap\" data-name=\"your-subject\"><input size=\"40\" maxlength=\"400\" class=\"wpcf7-form-control wpcf7-text wpcf7-validates-as-required\" aria-required=\"true\" aria-invalid=\"false\" value=\"\" type=\"text\" name=\"your-subject\" \/><\/span> <\/label>\n<\/p>\n<p><label> Wiadomo\u015b\u0107<br \/>\n<span class=\"wpcf7-form-control-wrap\" data-name=\"your-message\"><textarea cols=\"40\" rows=\"10\" maxlength=\"2000\" class=\"wpcf7-form-control wpcf7-textarea\" aria-invalid=\"false\" name=\"your-message\"><\/textarea><\/span> <\/label>\n<\/p>\n<p><input class=\"wpcf7-form-control wpcf7-submit has-spinner\" type=\"submit\" value=\"Wy\u015blij\" \/>\n<\/p><div class=\"wpcf7-response-output\" aria-hidden=\"true\"><\/div>\n<\/form>\n<\/div>\n<\/div>\n","protected":false},"excerpt":{"rendered":"<p>\u017byrardowskie Powiatowe WOPR jest dost\u0119pne w dni robocze od 09:00 do 17:00 Zadzwo\u0144: Rogozi\u0144ski Mariusz 606-801-595 Napisz: biuro@woprzyrardow.pl zyrardowskiepowiatowewopr@gmail.com Przyjed\u017a: ul. Rotmistrza Witolda Pileckiego 25\/27 96-300 \u017byrard\u00f3w NIP:838-18-30-629 Regon 142374868. Masz jakie\u015b pytania?<\/p>\n","protected":false},"author":2,"featured_media":0,"parent":0,"menu_order":0,"comment_status":"closed","ping_status":"closed","template":"","meta":{"footnotes":""},"class_list":["post-14","page","type-page","status-publish","hentry"],"yoast_head":"<!-- This site is optimized with the Yoast SEO plugin v25.7 - https:\/\/yoast.com\/wordpress\/plugins\/seo\/ -->\n<title>Kontakt - WOPR \u017cyrard\u00f3w<\/title>\n<meta name=\"robots\" content=\"index, follow, max-snippet:-1, max-image-preview:large, max-video-preview:-1\" \/>\n<link rel=\"canonical\" href=\"https:\/\/woprzyrardow.pl\/?page_id=14\" \/>\n<meta property=\"og:locale\" content=\"pl_PL\" \/>\n<meta property=\"og:type\" content=\"article\" \/>\n<meta property=\"og:title\" content=\"Kontakt - WOPR \u017cyrard\u00f3w\" \/>\n<meta property=\"og:description\" content=\"\u017byrardowskie Powiatowe WOPR jest dost\u0119pne w dni robocze od 09:00 do 17:00 Zadzwo\u0144: Rogozi\u0144ski Mariusz 606-801-595 Napisz: biuro@woprzyrardow.pl zyrardowskiepowiatowewopr@gmail.com Przyjed\u017a: ul. Rotmistrza Witolda Pileckiego 25\/27 96-300 \u017byrard\u00f3w NIP:838-18-30-629 Regon 142374868. Masz jakie\u015b pytania?\" \/>\n<meta property=\"og:url\" content=\"https:\/\/woprzyrardow.pl\/?page_id=14\" \/>\n<meta property=\"og:site_name\" content=\"WOPR \u017cyrard\u00f3w\" \/>\n<meta property=\"article:modified_time\" content=\"2024-06-27T07:12:03+00:00\" \/>\n<meta name=\"twitter:card\" content=\"summary_large_image\" \/>\n<meta name=\"twitter:label1\" content=\"Szacowany czas czytania\" \/>\n\t<meta name=\"twitter:data1\" content=\"1 minuta\" \/>\n<script type=\"application\/ld+json\" class=\"yoast-schema-graph\">{\"@context\":\"https:\/\/schema.org\",\"@graph\":[{\"@type\":\"WebPage\",\"@id\":\"https:\/\/woprzyrardow.pl\/?page_id=14\",\"url\":\"https:\/\/woprzyrardow.pl\/?page_id=14\",\"name\":\"Kontakt - WOPR \u017cyrard\u00f3w\",\"isPartOf\":{\"@id\":\"https:\/\/woprzyrardow.pl\/#website\"},\"datePublished\":\"2022-09-21T20:24:49+00:00\",\"dateModified\":\"2024-06-27T07:12:03+00:00\",\"breadcrumb\":{\"@id\":\"https:\/\/woprzyrardow.pl\/?page_id=14#breadcrumb\"},\"inLanguage\":\"pl-PL\",\"potentialAction\":[{\"@type\":\"ReadAction\",\"target\":[\"https:\/\/woprzyrardow.pl\/?page_id=14\"]}]},{\"@type\":\"BreadcrumbList\",\"@id\":\"https:\/\/woprzyrardow.pl\/?page_id=14#breadcrumb\",\"itemListElement\":[{\"@type\":\"ListItem\",\"position\":1,\"name\":\"Home\",\"item\":\"https:\/\/woprzyrardow.pl\/\"},{\"@type\":\"ListItem\",\"position\":2,\"name\":\"Kontakt\"}]},{\"@type\":\"WebSite\",\"@id\":\"https:\/\/woprzyrardow.pl\/#website\",\"url\":\"https:\/\/woprzyrardow.pl\/\",\"name\":\"WOPR \u017cyrard\u00f3w\",\"description\":\"WOPR \u017cyrard\u00f3w\",\"publisher\":{\"@id\":\"https:\/\/woprzyrardow.pl\/#organization\"},\"inLanguage\":\"pl-PL\"},{\"@type\":\"Organization\",\"@id\":\"https:\/\/woprzyrardow.pl\/#organization\",\"name\":\"WOPR \u017cyrard\u00f3w\",\"url\":\"https:\/\/woprzyrardow.pl\/\",\"logo\":{\"@type\":\"ImageObject\",\"inLanguage\":\"pl-PL\",\"@id\":\"https:\/\/woprzyrardow.pl\/#\/schema\/logo\/image\/\",\"url\":\"https:\/\/woprzyrardow.pl\/wp-content\/uploads\/2022\/09\/LOGO.png\",\"contentUrl\":\"https:\/\/woprzyrardow.pl\/wp-content\/uploads\/2022\/09\/LOGO.png\",\"width\":901,\"height\":901,\"caption\":\"WOPR \u017cyrard\u00f3w\"},\"image\":{\"@id\":\"https:\/\/woprzyrardow.pl\/#\/schema\/logo\/image\/\"}}]}<\/script>\n<!-- \/ Yoast SEO plugin. -->","yoast_head_json":{"title":"Kontakt - WOPR \u017cyrard\u00f3w","robots":{"index":"index","follow":"follow","max-snippet":"max-snippet:-1","max-image-preview":"max-image-preview:large","max-video-preview":"max-video-preview:-1"},"canonical":"https:\/\/woprzyrardow.pl\/?page_id=14","og_locale":"pl_PL","og_type":"article","og_title":"Kontakt - WOPR \u017cyrard\u00f3w","og_description":"\u017byrardowskie Powiatowe WOPR jest dost\u0119pne w dni robocze od 09:00 do 17:00 Zadzwo\u0144: Rogozi\u0144ski Mariusz 606-801-595 Napisz: biuro@woprzyrardow.pl zyrardowskiepowiatowewopr@gmail.com Przyjed\u017a: ul. Rotmistrza Witolda Pileckiego 25\/27 96-300 \u017byrard\u00f3w NIP:838-18-30-629 Regon 142374868. Masz jakie\u015b pytania?","og_url":"https:\/\/woprzyrardow.pl\/?page_id=14","og_site_name":"WOPR \u017cyrard\u00f3w","article_modified_time":"2024-06-27T07:12:03+00:00","twitter_card":"summary_large_image","twitter_misc":{"Szacowany czas czytania":"1 minuta"},"schema":{"@context":"https:\/\/schema.org","@graph":[{"@type":"WebPage","@id":"https:\/\/woprzyrardow.pl\/?page_id=14","url":"https:\/\/woprzyrardow.pl\/?page_id=14","name":"Kontakt - WOPR \u017cyrard\u00f3w","isPartOf":{"@id":"https:\/\/woprzyrardow.pl\/#website"},"datePublished":"2022-09-21T20:24:49+00:00","dateModified":"2024-06-27T07:12:03+00:00","breadcrumb":{"@id":"https:\/\/woprzyrardow.pl\/?page_id=14#breadcrumb"},"inLanguage":"pl-PL","potentialAction":[{"@type":"ReadAction","target":["https:\/\/woprzyrardow.pl\/?page_id=14"]}]},{"@type":"BreadcrumbList","@id":"https:\/\/woprzyrardow.pl\/?page_id=14#breadcrumb","itemListElement":[{"@type":"ListItem","position":1,"name":"Home","item":"https:\/\/woprzyrardow.pl\/"},{"@type":"ListItem","position":2,"name":"Kontakt"}]},{"@type":"WebSite","@id":"https:\/\/woprzyrardow.pl\/#website","url":"https:\/\/woprzyrardow.pl\/","name":"WOPR \u017cyrard\u00f3w","description":"WOPR \u017cyrard\u00f3w","publisher":{"@id":"https:\/\/woprzyrardow.pl\/#organization"},"inLanguage":"pl-PL"},{"@type":"Organization","@id":"https:\/\/woprzyrardow.pl\/#organization","name":"WOPR \u017cyrard\u00f3w","url":"https:\/\/woprzyrardow.pl\/","logo":{"@type":"ImageObject","inLanguage":"pl-PL","@id":"https:\/\/woprzyrardow.pl\/#\/schema\/logo\/image\/","url":"https:\/\/woprzyrardow.pl\/wp-content\/uploads\/2022\/09\/LOGO.png","contentUrl":"https:\/\/woprzyrardow.pl\/wp-content\/uploads\/2022\/09\/LOGO.png","width":901,"height":901,"caption":"WOPR \u017cyrard\u00f3w"},"image":{"@id":"https:\/\/woprzyrardow.pl\/#\/schema\/logo\/image\/"}}]}},"featured_media_urls":[],"_links":{"self":[{"href":"https:\/\/woprzyrardow.pl\/index.php?rest_route=\/wp\/v2\/pages\/14","targetHints":{"allow":["GET"]}}],"collection":[{"href":"https:\/\/woprzyrardow.pl\/index.php?rest_route=\/wp\/v2\/pages"}],"about":[{"href":"https:\/\/woprzyrardow.pl\/index.php?rest_route=\/wp\/v2\/types\/page"}],"author":[{"embeddable":true,"href":"https:\/\/woprzyrardow.pl\/index.php?rest_route=\/wp\/v2\/users\/2"}],"replies":[{"embeddable":true,"href":"https:\/\/woprzyrardow.pl\/index.php?rest_route=%2Fwp%2Fv2%2Fcomments&post=14"}],"version-history":[{"count":9,"href":"https:\/\/woprzyrardow.pl\/index.php?rest_route=\/wp\/v2\/pages\/14\/revisions"}],"predecessor-version":[{"id":661,"href":"https:\/\/woprzyrardow.pl\/index.php?rest_route=\/wp\/v2\/pages\/14\/revisions\/661"}],"wp:attachment":[{"href":"https:\/\/woprzyrardow.pl\/index.php?rest_route=%2Fwp%2Fv2%2Fmedia&parent=14"}],"curies":[{"name":"wp","href":"https:\/\/api.w.org\/{rel}","templated":true}]}}